{"id":1569,"date":"2025-09-05T23:13:32","date_gmt":"2025-09-05T23:13:32","guid":{"rendered":"https:\/\/dnl.com.tr\/en\/?page_id=1569"},"modified":"2025-09-12T10:09:47","modified_gmt":"2025-09-12T10:09:47","slug":"productions","status":"publish","type":"page","link":"https:\/\/dnl.com.tr\/en\/productions\/","title":{"rendered":"productions"},"content":{"rendered":"<div class=\"wp-block-media-text is-stacked-on-mobile\" style=\"grid-template-columns: 50% 50%;\">\n<figure class=\"wp-block-media-text__media\" style=\"margin: 0;\"><img loading=\"lazy\" decoding=\"async\" width=\"1024\" height=\"768\" class=\"wp-image-1571 size-full\" style=\"width: 100%; height: 300px; object-fit: cover; object-position: center; display: block; margin-bottom: 20px;\" src=\"https:\/\/dnl.com.tr\/en\/wp-content\/uploads\/2025\/09\/eaf-water-cooled-elbow-water-cooled-shield-dnl-mervemcelik-1024x768.jpg\" alt=\"eaf-water-cooled-elbow-water-cooled-shield-dnl-mervemcelik\" srcset=\"https:\/\/dnl.com.tr\/en\/wp-content\/uploads\/2025\/09\/eaf-water-cooled-elbow-water-cooled-shield-dnl-mervemcelik-1024x768.jpg 1024w, https:\/\/dnl.com.tr\/en\/wp-content\/uploads\/2025\/09\/eaf-water-cooled-elbow-water-cooled-shield-dnl-mervemcelik-300x225.jpg 300w, https:\/\/dnl.com.tr\/en\/wp-content\/uploads\/2025\/09\/eaf-water-cooled-elbow-water-cooled-shield-dnl-mervemcelik-768x576.jpg 768w, https:\/\/dnl.com.tr\/en\/wp-content\/uploads\/2025\/09\/eaf-water-cooled-elbow-water-cooled-shield-dnl-mervemcelik.jpg 1080w\" sizes=\"auto, (max-width: 1024px) 100vw, 1024px\" \/><\/figure>\n<div class=\"wp-block-media-text__content\">\n<ul class=\"wp-block-list\">\n<li><strong>STEEL MILL EQUIPMENT<\/strong>\n<p><strong>Electric Arc Furnace (EAF) Equipment<\/strong><\/p>\n<p>EAF Upper Shell<\/p>\n<p>EAF Roof<\/p>\n<p>EAF Water-Cooled Steel Panel<\/p>\n<p>EAF Water-Cooled Copper Panel<\/li>\n<\/ul>\n<\/div>\n<\/div>\n<p><!-- 2 --><\/p>\n<div class=\"wp-block-media-text is-stacked-on-mobile\" style=\"grid-template-columns: 50% 50%;\">\n<figure class=\"wp-block-media-text__media\" style=\"margin: 0;\"><img loading=\"lazy\" decoding=\"async\" width=\"767\" height=\"1024\" class=\"alignnone size-large wp-image-1841\" style=\"width: 100%; height: 300px; object-fit: cover; object-position: center; display: block; margin-bottom: 20px;\" src=\"https:\/\/dnl.com.tr\/en\/wp-content\/uploads\/2025\/09\/hurda-sepeti-scrap-bucket-steel-plant-eaf-scrap-bucket-dnl-mervemcelik-767x1024.jpg\" alt=\"hurda-sepeti-scrap-bucket-steel-plant-eaf-scrap-bucket-dnl-mervemcelik\" srcset=\"https:\/\/dnl.com.tr\/en\/wp-content\/uploads\/2025\/09\/hurda-sepeti-scrap-bucket-steel-plant-eaf-scrap-bucket-dnl-mervemcelik-767x1024.jpg 767w, https:\/\/dnl.com.tr\/en\/wp-content\/uploads\/2025\/09\/hurda-sepeti-scrap-bucket-steel-plant-eaf-scrap-bucket-dnl-mervemcelik-225x300.jpg 225w, https:\/\/dnl.com.tr\/en\/wp-content\/uploads\/2025\/09\/hurda-sepeti-scrap-bucket-steel-plant-eaf-scrap-bucket-dnl-mervemcelik-768x1025.jpg 768w, https:\/\/dnl.com.tr\/en\/wp-content\/uploads\/2025\/09\/hurda-sepeti-scrap-bucket-steel-plant-eaf-scrap-bucket-dnl-mervemcelik.jpg 1080w\" sizes=\"auto, (max-width: 767px) 100vw, 767px\" \/><\/figure>\n<div class=\"wp-block-media-text__content\">\n<ul class=\"wp-block-list\">\n<li><strong>Ladle Furnace (LF) Equipment<\/strong>\n<p>Ladle Furnace<\/p>\n<p>Ladle Furnace Roof<\/p>\n<p>Ladle Furnace Lifting Systems<\/li>\n<\/ul>\n<\/div>\n<\/div>\n<p><!-- 3 --><\/p>\n<div class=\"wp-block-media-text is-stacked-on-mobile\" style=\"grid-template-columns: 50% 50%;\">\n<figure class=\"wp-block-media-text__media\" style=\"margin: 0;\"><img loading=\"lazy\" decoding=\"async\" width=\"1024\" height=\"630\" class=\"wp-image-1475 size-full\" style=\"width: 100%; height: 300px; object-fit: cover; object-position: center; display: block; margin-bottom: 20px;\" src=\"https:\/\/dnl.com.tr\/en\/wp-content\/uploads\/2025\/09\/dust-collecting-channel-production-water-cooled-panel-eaf-cover-manufacturing-steel-1024x630.jpg\" alt=\"Toz Tutma Sistemleri\" srcset=\"https:\/\/dnl.com.tr\/en\/wp-content\/uploads\/2025\/09\/dust-collecting-channel-production-water-cooled-panel-eaf-cover-manufacturing-steel-1024x630.jpg 1024w, https:\/\/dnl.com.tr\/en\/wp-content\/uploads\/2025\/09\/dust-collecting-channel-production-water-cooled-panel-eaf-cover-manufacturing-steel-300x184.jpg 300w, https:\/\/dnl.com.tr\/en\/wp-content\/uploads\/2025\/09\/dust-collecting-channel-production-water-cooled-panel-eaf-cover-manufacturing-steel-768x472.jpg 768w, https:\/\/dnl.com.tr\/en\/wp-content\/uploads\/2025\/09\/dust-collecting-channel-production-water-cooled-panel-eaf-cover-manufacturing-steel.jpg 1280w\" sizes=\"auto, (max-width: 1024px) 100vw, 1024px\" \/><\/figure>\n<div class=\"wp-block-media-text__content\">\n<ul class=\"wp-block-list\">\n<li><strong>Dedusting Systems<\/strong>\n<p>Water-Cooled Combustion Chamber System<\/p>\n<p>Water-Cooled Ducts<\/li>\n<\/ul>\n<\/div>\n<\/div>\n<p><!-- 4 --><\/p>\n<div class=\"wp-block-media-text is-stacked-on-mobile\" style=\"grid-template-columns: 50% 50%;\">\n<figure class=\"wp-block-media-text__media\" style=\"margin: 0;\"><img loading=\"lazy\" decoding=\"async\" width=\"1024\" height=\"768\" class=\"wp-image-1549 size-full\" style=\"width: 100%; height: 300px; object-fit: cover; object-position: center; display: block; margin-bottom: 20px;\" src=\"https:\/\/dnl.com.tr\/en\/wp-content\/uploads\/2025\/09\/water-cooled-pinch-panel-continuous-casting-equipments-dnl-mervemcelik-surekli-dokum-elemanlari-1024x768.jpg\" alt=\"water-cooled-pinch-panel-continuous-casting-equipments-dnl-mervemcelik-s\u00fcrekli-d\u00f6k\u00fcm-elemanlar\u0131\" srcset=\"https:\/\/dnl.com.tr\/en\/wp-content\/uploads\/2025\/09\/water-cooled-pinch-panel-continuous-casting-equipments-dnl-mervemcelik-surekli-dokum-elemanlari-1024x768.jpg 1024w, https:\/\/dnl.com.tr\/en\/wp-content\/uploads\/2025\/09\/water-cooled-pinch-panel-continuous-casting-equipments-dnl-mervemcelik-surekli-dokum-elemanlari-300x225.jpg 300w, https:\/\/dnl.com.tr\/en\/wp-content\/uploads\/2025\/09\/water-cooled-pinch-panel-continuous-casting-equipments-dnl-mervemcelik-surekli-dokum-elemanlari-768x576.jpg 768w, https:\/\/dnl.com.tr\/en\/wp-content\/uploads\/2025\/09\/water-cooled-pinch-panel-continuous-casting-equipments-dnl-mervemcelik-surekli-dokum-elemanlari.jpg 1080w\" sizes=\"auto, (max-width: 1024px) 100vw, 1024px\" \/><\/figure>\n<div class=\"wp-block-media-text__content\">\n<ul class=\"wp-block-list\">\n<li><strong>Continuous Casting Equipment<\/strong>\n<p>Pinch Panel<\/p>\n<p>CCM Billet Casting Equipment<\/p>\n<p>Spray Nozzles<\/li>\n<\/ul>\n<\/div>\n<\/div>\n<p><!-- 5 --><\/p>\n<div class=\"wp-block-media-text is-stacked-on-mobile\" style=\"grid-template-columns: 50% 50%;\">\n<figure class=\"wp-block-media-text__media\" style=\"margin: 0;\"><img loading=\"lazy\" decoding=\"async\" width=\"1024\" height=\"576\" class=\"wp-image-1577 size-full\" style=\"width: 100%; height: 300px; object-fit: cover; object-position: center; display: block; margin-bottom: 20px;\" src=\"https:\/\/dnl.com.tr\/en\/wp-content\/uploads\/2025\/09\/gas-channel-industrial-filtering-system-gaz-kanali-filtreleme-sistemi-filtrering-facility-dnl-mervem-celik-hood-1024x576.jpg\" alt=\"gas-channel-industrial-filtering-system-gaz-kanal\u0131-filtreleme-sistemi-filtrering-facility-dnl-mervemcelik-hood\" srcset=\"https:\/\/dnl.com.tr\/en\/wp-content\/uploads\/2025\/09\/gas-channel-industrial-filtering-system-gaz-kanali-filtreleme-sistemi-filtrering-facility-dnl-mervem-celik-hood-1024x576.jpg 1024w, https:\/\/dnl.com.tr\/en\/wp-content\/uploads\/2025\/09\/gas-channel-industrial-filtering-system-gaz-kanali-filtreleme-sistemi-filtrering-facility-dnl-mervem-celik-hood-300x169.jpg 300w, https:\/\/dnl.com.tr\/en\/wp-content\/uploads\/2025\/09\/gas-channel-industrial-filtering-system-gaz-kanali-filtreleme-sistemi-filtrering-facility-dnl-mervem-celik-hood-768x432.jpg 768w, https:\/\/dnl.com.tr\/en\/wp-content\/uploads\/2025\/09\/gas-channel-industrial-filtering-system-gaz-kanali-filtreleme-sistemi-filtrering-facility-dnl-mervem-celik-hood.jpg 1080w\" sizes=\"auto, (max-width: 1024px) 100vw, 1024px\" \/><\/figure>\n<div class=\"wp-block-media-text__content\">\n<ul class=\"wp-block-list\">\n<li><strong>FILTRATION SYSTEMS<\/strong>\n<p>Bag Filters<\/p>\n<p>Compensators\/Expantion Joints<\/p>\n<p>Fume\/Air Ducts<\/p>\n<p>Dampers<\/p>\n<p>Slide Gate Dampers<\/p>\n<p>Tight-Sealing Louvers<\/p>\n<p>Sand Filters<\/p>\n<p>Heat Exchanger Systems<\/li>\n<\/ul>\n<\/div>\n<\/div>\n<p><!-- 6 (ekledi\u011fin yeni foto) --><\/p>\n<div class=\"wp-block-media-text is-stacked-on-mobile\" style=\"grid-template-columns: 50% 50%;\">\n<figure class=\"wp-block-media-text__media\" style=\"margin: 0;\"><img loading=\"lazy\" decoding=\"async\" width=\"1024\" height=\"768\" class=\"wp-image-1762\" style=\"width: 100%; height: 300px; object-fit: cover; object-position: center; display: block; margin-bottom: 20px;\" src=\"https:\/\/dnl.com.tr\/en\/wp-content\/uploads\/2025\/09\/induksiyon-ocagi-industion-furnace-dnl-mervem-2-1024x768.jpg\" alt=\"induksiyon-ocagi-industion-furnace\" srcset=\"https:\/\/dnl.com.tr\/en\/wp-content\/uploads\/2025\/09\/induksiyon-ocagi-industion-furnace-dnl-mervem-2-1024x768.jpg 1024w, https:\/\/dnl.com.tr\/en\/wp-content\/uploads\/2025\/09\/induksiyon-ocagi-industion-furnace-dnl-mervem-2-300x225.jpg 300w, https:\/\/dnl.com.tr\/en\/wp-content\/uploads\/2025\/09\/induksiyon-ocagi-industion-furnace-dnl-mervem-2-768x576.jpg 768w, https:\/\/dnl.com.tr\/en\/wp-content\/uploads\/2025\/09\/induksiyon-ocagi-industion-furnace-dnl-mervem-2.jpg 1080w\" sizes=\"auto, (max-width: 1024px) 100vw, 1024px\" \/><\/figure>\n<div class=\"wp-block-media-text__content\">\n<ul class=\"wp-block-list\">\n<li><strong>Induction Furnace<\/strong>\n<p>&nbsp;<\/li>\n<\/ul>\n<\/div>\n<\/div>\n","protected":false},"excerpt":{"rendered":"<p>STEEL MILL EQUIPMENT Electric Arc Furnace (EAF) Equipment EAF Upper Shell EAF Roof EAF Water-Cooled Steel Panel EAF Water-Cooled Copper Panel Ladle Furnace (LF) Equipment Ladle Furnace Ladle Furnace Roof &#8230;<\/p>\n","protected":false},"author":1,"featured_media":0,"parent":0,"menu_order":0,"comment_status":"closed","ping_status":"closed","template":"","meta":{"ngg_post_thumbnail":0,"footnotes":""},"class_list":["post-1569","page","type-page","status-publish","hentry"],"yoast_head":"<!-- This site is optimized with the Yoast SEO plugin v25.8 - https:\/\/yoast.com\/wordpress\/plugins\/seo\/ -->\n<title>productions | DNL M\u00fchendislik Dilovas\u0131\/Kocaeli<\/title>\n<meta name=\"robots\" content=\"index, follow, max-snippet:-1, max-image-preview:large, max-video-preview:-1\" \/>\n<link rel=\"canonical\" href=\"https:\/\/dnl.com.tr\/en\/productions\/\" \/>\n<meta property=\"og:locale\" content=\"tr_TR\" \/>\n<meta property=\"og:type\" content=\"article\" \/>\n<meta property=\"og:title\" content=\"productions | DNL M\u00fchendislik Dilovas\u0131\/Kocaeli\" \/>\n<meta property=\"og:description\" content=\"STEEL MILL EQUIPMENT Electric Arc Furnace (EAF) Equipment EAF Upper Shell EAF Roof EAF Water-Cooled Steel Panel EAF Water-Cooled Copper Panel Ladle Furnace (LF) Equipment Ladle Furnace Ladle Furnace Roof ...\" \/>\n<meta property=\"og:url\" content=\"https:\/\/dnl.com.tr\/en\/productions\/\" \/>\n<meta property=\"og:site_name\" content=\"DNL M\u00fchendislik Dilovas\u0131\/Kocaeli\" \/>\n<meta property=\"article:modified_time\" content=\"2025-09-12T10:09:47+00:00\" \/>\n<meta property=\"og:image\" content=\"https:\/\/dnl.com.tr\/en\/wp-content\/uploads\/2025\/09\/eaf-water-cooled-elbow-water-cooled-shield-dnl-mervemcelik.jpg\" \/>\n\t<meta property=\"og:image:width\" content=\"1080\" \/>\n\t<meta property=\"og:image:height\" content=\"810\" \/>\n\t<meta property=\"og:image:type\" content=\"image\/jpeg\" \/>\n<meta name=\"twitter:card\" content=\"summary_large_image\" \/>\n<meta name=\"twitter:label1\" content=\"Tahmini okuma s\u00fcresi\" \/>\n\t<meta name=\"twitter:data1\" content=\"2 dakika\" \/>\n<script type=\"application\/ld+json\" class=\"yoast-schema-graph\">{\"@context\":\"https:\/\/schema.org\",\"@graph\":[{\"@type\":\"WebPage\",\"@id\":\"https:\/\/dnl.com.tr\/en\/productions\/\",\"url\":\"https:\/\/dnl.com.tr\/en\/productions\/\",\"name\":\"productions | DNL M\u00fchendislik Dilovas\u0131\/Kocaeli\",\"isPartOf\":{\"@id\":\"https:\/\/dnl.com.tr\/en\/#website\"},\"primaryImageOfPage\":{\"@id\":\"https:\/\/dnl.com.tr\/en\/productions\/#primaryimage\"},\"image\":{\"@id\":\"https:\/\/dnl.com.tr\/en\/productions\/#primaryimage\"},\"thumbnailUrl\":\"https:\/\/dnl.com.tr\/en\/wp-content\/uploads\/2025\/09\/eaf-water-cooled-elbow-water-cooled-shield-dnl-mervemcelik-1024x768.jpg\",\"datePublished\":\"2025-09-05T23:13:32+00:00\",\"dateModified\":\"2025-09-12T10:09:47+00:00\",\"breadcrumb\":{\"@id\":\"https:\/\/dnl.com.tr\/en\/productions\/#breadcrumb\"},\"inLanguage\":\"tr\",\"potentialAction\":[{\"@type\":\"ReadAction\",\"target\":[\"https:\/\/dnl.com.tr\/en\/productions\/\"]}]},{\"@type\":\"ImageObject\",\"inLanguage\":\"tr\",\"@id\":\"https:\/\/dnl.com.tr\/en\/productions\/#primaryimage\",\"url\":\"https:\/\/dnl.com.tr\/en\/wp-content\/uploads\/2025\/09\/eaf-water-cooled-elbow-water-cooled-shield-dnl-mervemcelik.jpg\",\"contentUrl\":\"https:\/\/dnl.com.tr\/en\/wp-content\/uploads\/2025\/09\/eaf-water-cooled-elbow-water-cooled-shield-dnl-mervemcelik.jpg\",\"width\":1080,\"height\":810,\"caption\":\"eaf-water-cooled-elbow-water-cooled-shield-dnl-mervemcelik\"},{\"@type\":\"BreadcrumbList\",\"@id\":\"https:\/\/dnl.com.tr\/en\/productions\/#breadcrumb\",\"itemListElement\":[{\"@type\":\"ListItem\",\"position\":1,\"name\":\"Anasayfa\",\"item\":\"https:\/\/dnl.com.tr\/en\/\"},{\"@type\":\"ListItem\",\"position\":2,\"name\":\"productions\"}]},{\"@type\":\"WebSite\",\"@id\":\"https:\/\/dnl.com.tr\/en\/#website\",\"url\":\"https:\/\/dnl.com.tr\/en\/\",\"name\":\"DNL M\u00fchendislik Dilovas\u0131\/Kocaeli\",\"description\":\"\",\"publisher\":{\"@id\":\"https:\/\/dnl.com.tr\/en\/#organization\"},\"potentialAction\":[{\"@type\":\"SearchAction\",\"target\":{\"@type\":\"EntryPoint\",\"urlTemplate\":\"https:\/\/dnl.com.tr\/en\/?s={search_term_string}\"},\"query-input\":{\"@type\":\"PropertyValueSpecification\",\"valueRequired\":true,\"valueName\":\"search_term_string\"}}],\"inLanguage\":\"tr\"},{\"@type\":\"Organization\",\"@id\":\"https:\/\/dnl.com.tr\/en\/#organization\",\"name\":\"DNL M\u00dcHEND\u0130SL\u0130K MAK\u0130NA SANAY\u0130 VE T\u0130CARET L\u0130M\u0130TED \u015e\u0130RKET\u0130\",\"url\":\"https:\/\/dnl.com.tr\/en\/\",\"logo\":{\"@type\":\"ImageObject\",\"inLanguage\":\"tr\",\"@id\":\"https:\/\/dnl.com.tr\/en\/#\/schema\/logo\/image\/\",\"url\":\"https:\/\/dnl.com.tr\/en\/wp-content\/uploads\/2025\/09\/dnl-muhendislik-logo-1.png\",\"contentUrl\":\"https:\/\/dnl.com.tr\/en\/wp-content\/uploads\/2025\/09\/dnl-muhendislik-logo-1.png\",\"width\":300,\"height\":63,\"caption\":\"DNL M\u00dcHEND\u0130SL\u0130K MAK\u0130NA SANAY\u0130 VE T\u0130CARET L\u0130M\u0130TED \u015e\u0130RKET\u0130\"},\"image\":{\"@id\":\"https:\/\/dnl.com.tr\/en\/#\/schema\/logo\/image\/\"}}]}<\/script>\n<!-- \/ Yoast SEO plugin. -->","yoast_head_json":{"title":"productions | DNL M\u00fchendislik Dilovas\u0131\/Kocaeli","robots":{"index":"index","follow":"follow","max-snippet":"max-snippet:-1","max-image-preview":"max-image-preview:large","max-video-preview":"max-video-preview:-1"},"canonical":"https:\/\/dnl.com.tr\/en\/productions\/","og_locale":"tr_TR","og_type":"article","og_title":"productions | DNL M\u00fchendislik Dilovas\u0131\/Kocaeli","og_description":"STEEL MILL EQUIPMENT Electric Arc Furnace (EAF) Equipment EAF Upper Shell EAF Roof EAF Water-Cooled Steel Panel EAF Water-Cooled Copper Panel Ladle Furnace (LF) Equipment Ladle Furnace Ladle Furnace Roof ...","og_url":"https:\/\/dnl.com.tr\/en\/productions\/","og_site_name":"DNL M\u00fchendislik Dilovas\u0131\/Kocaeli","article_modified_time":"2025-09-12T10:09:47+00:00","og_image":[{"width":1080,"height":810,"url":"https:\/\/dnl.com.tr\/en\/wp-content\/uploads\/2025\/09\/eaf-water-cooled-elbow-water-cooled-shield-dnl-mervemcelik.jpg","type":"image\/jpeg"}],"twitter_card":"summary_large_image","twitter_misc":{"Tahmini okuma s\u00fcresi":"2 dakika"},"schema":{"@context":"https:\/\/schema.org","@graph":[{"@type":"WebPage","@id":"https:\/\/dnl.com.tr\/en\/productions\/","url":"https:\/\/dnl.com.tr\/en\/productions\/","name":"productions | DNL M\u00fchendislik Dilovas\u0131\/Kocaeli","isPartOf":{"@id":"https:\/\/dnl.com.tr\/en\/#website"},"primaryImageOfPage":{"@id":"https:\/\/dnl.com.tr\/en\/productions\/#primaryimage"},"image":{"@id":"https:\/\/dnl.com.tr\/en\/productions\/#primaryimage"},"thumbnailUrl":"https:\/\/dnl.com.tr\/en\/wp-content\/uploads\/2025\/09\/eaf-water-cooled-elbow-water-cooled-shield-dnl-mervemcelik-1024x768.jpg","datePublished":"2025-09-05T23:13:32+00:00","dateModified":"2025-09-12T10:09:47+00:00","breadcrumb":{"@id":"https:\/\/dnl.com.tr\/en\/productions\/#breadcrumb"},"inLanguage":"tr","potentialAction":[{"@type":"ReadAction","target":["https:\/\/dnl.com.tr\/en\/productions\/"]}]},{"@type":"ImageObject","inLanguage":"tr","@id":"https:\/\/dnl.com.tr\/en\/productions\/#primaryimage","url":"https:\/\/dnl.com.tr\/en\/wp-content\/uploads\/2025\/09\/eaf-water-cooled-elbow-water-cooled-shield-dnl-mervemcelik.jpg","contentUrl":"https:\/\/dnl.com.tr\/en\/wp-content\/uploads\/2025\/09\/eaf-water-cooled-elbow-water-cooled-shield-dnl-mervemcelik.jpg","width":1080,"height":810,"caption":"eaf-water-cooled-elbow-water-cooled-shield-dnl-mervemcelik"},{"@type":"BreadcrumbList","@id":"https:\/\/dnl.com.tr\/en\/productions\/#breadcrumb","itemListElement":[{"@type":"ListItem","position":1,"name":"Anasayfa","item":"https:\/\/dnl.com.tr\/en\/"},{"@type":"ListItem","position":2,"name":"productions"}]},{"@type":"WebSite","@id":"https:\/\/dnl.com.tr\/en\/#website","url":"https:\/\/dnl.com.tr\/en\/","name":"DNL M\u00fchendislik Dilovas\u0131\/Kocaeli","description":"","publisher":{"@id":"https:\/\/dnl.com.tr\/en\/#organization"},"potentialAction":[{"@type":"SearchAction","target":{"@type":"EntryPoint","urlTemplate":"https:\/\/dnl.com.tr\/en\/?s={search_term_string}"},"query-input":{"@type":"PropertyValueSpecification","valueRequired":true,"valueName":"search_term_string"}}],"inLanguage":"tr"},{"@type":"Organization","@id":"https:\/\/dnl.com.tr\/en\/#organization","name":"DNL M\u00dcHEND\u0130SL\u0130K MAK\u0130NA SANAY\u0130 VE T\u0130CARET L\u0130M\u0130TED \u015e\u0130RKET\u0130","url":"https:\/\/dnl.com.tr\/en\/","logo":{"@type":"ImageObject","inLanguage":"tr","@id":"https:\/\/dnl.com.tr\/en\/#\/schema\/logo\/image\/","url":"https:\/\/dnl.com.tr\/en\/wp-content\/uploads\/2025\/09\/dnl-muhendislik-logo-1.png","contentUrl":"https:\/\/dnl.com.tr\/en\/wp-content\/uploads\/2025\/09\/dnl-muhendislik-logo-1.png","width":300,"height":63,"caption":"DNL M\u00dcHEND\u0130SL\u0130K MAK\u0130NA SANAY\u0130 VE T\u0130CARET L\u0130M\u0130TED \u015e\u0130RKET\u0130"},"image":{"@id":"https:\/\/dnl.com.tr\/en\/#\/schema\/logo\/image\/"}}]}},"_links":{"self":[{"href":"https:\/\/dnl.com.tr\/en\/wp-json\/wp\/v2\/pages\/1569","targetHints":{"allow":["GET"]}}],"collection":[{"href":"https:\/\/dnl.com.tr\/en\/wp-json\/wp\/v2\/pages"}],"about":[{"href":"https:\/\/dnl.com.tr\/en\/wp-json\/wp\/v2\/types\/page"}],"author":[{"embeddable":true,"href":"https:\/\/dnl.com.tr\/en\/wp-json\/wp\/v2\/users\/1"}],"replies":[{"embeddable":true,"href":"https:\/\/dnl.com.tr\/en\/wp-json\/wp\/v2\/comments?post=1569"}],"version-history":[{"count":25,"href":"https:\/\/dnl.com.tr\/en\/wp-json\/wp\/v2\/pages\/1569\/revisions"}],"predecessor-version":[{"id":1847,"href":"https:\/\/dnl.com.tr\/en\/wp-json\/wp\/v2\/pages\/1569\/revisions\/1847"}],"wp:attachment":[{"href":"https:\/\/dnl.com.tr\/en\/wp-json\/wp\/v2\/media?parent=1569"}],"curies":[{"name":"wp","href":"https:\/\/api.w.org\/{rel}","templated":true}]}}