{"id":1567,"date":"2025-09-05T23:12:27","date_gmt":"2025-09-05T23:12:27","guid":{"rendered":"https:\/\/dnl.com.tr\/en\/?page_id=1567"},"modified":"2025-09-12T09:35:52","modified_gmt":"2025-09-12T09:35:52","slug":"institutional","status":"publish","type":"page","link":"https:\/\/dnl.com.tr\/en\/institutional\/","title":{"rendered":"Institutional"},"content":{"rendered":"<p><strong>DNL M\u00fchendislik <\/strong> has been a symbol of reliability and quality in the iron and steel industry since 1998. With nearly 30 years of experience, we operate in a total production area of 2,000 m\u00b2, including 1,000 m\u00b2 of indoor and 1,000 m\u00b2 of outdoor space.<\/p>\n<p>Our company specializes in the production of <strong>electric arc furnace equipment<\/strong> and <strong>filtration systems<\/strong> for steel plants and industrial facilities. All our manufacturing processes are carried out in compliance with <strong>ISO 9001<\/strong> and <strong>EN ISO 3834-2<\/strong> quality standards.<\/p>\n<p>We ensure the high performance and durability of our products through robust quality control processes and a strong commitment to production excellence. Embracing innovation, we continuously improve our offerings by keeping pace with technological developments.<\/p>\n<p>With an environmentally responsible production approach, we integrate sustainability into our operations.<\/p>\n<h3><strong>Our Vision<\/strong><\/h3>\n<p>To become a leading and globally preferred brand in the field of steel and industrial plant equipment by upholding quality, reliability, and sustainability.<\/p>\n<h3><strong>Our Mission<\/strong><\/h3>\n<p>To deliver high-quality, standards-compliant, and customer-specific solutions that enhance the efficiency of steel plants and industrial facilities; to contribute to the industry by continuously improving and integrating technological innovations into our production processes.<br \/>\n&nbsp;<\/p>\n<p><img loading=\"lazy\" decoding=\"async\" class=\"alignnone wp-image-1529\" src=\"https:\/\/dnl.com.tr\/en\/wp-content\/uploads\/2025\/09\/dnl-marka-tescil-724x1024.jpg\" alt=\"\" width=\"350\" height=\"495\" srcset=\"https:\/\/dnl.com.tr\/en\/wp-content\/uploads\/2025\/09\/dnl-marka-tescil-724x1024.jpg 724w, https:\/\/dnl.com.tr\/en\/wp-content\/uploads\/2025\/09\/dnl-marka-tescil-212x300.jpg 212w, https:\/\/dnl.com.tr\/en\/wp-content\/uploads\/2025\/09\/dnl-marka-tescil-768x1086.jpg 768w, https:\/\/dnl.com.tr\/en\/wp-content\/uploads\/2025\/09\/dnl-marka-tescil-1086x1536.jpg 1086w, https:\/\/dnl.com.tr\/en\/wp-content\/uploads\/2025\/09\/dnl-marka-tescil.jpg 1300w\" sizes=\"auto, (max-width: 350px) 100vw, 350px\" \/> <img loading=\"lazy\" decoding=\"async\" class=\"alignnone wp-image-1526\" src=\"https:\/\/dnl.com.tr\/en\/wp-content\/uploads\/2025\/09\/dnl-kalite-iso-9001-724x1024.jpg\" alt=\"\" width=\"353\" height=\"499\" srcset=\"https:\/\/dnl.com.tr\/en\/wp-content\/uploads\/2025\/09\/dnl-kalite-iso-9001-724x1024.jpg 724w, https:\/\/dnl.com.tr\/en\/wp-content\/uploads\/2025\/09\/dnl-kalite-iso-9001-212x300.jpg 212w, https:\/\/dnl.com.tr\/en\/wp-content\/uploads\/2025\/09\/dnl-kalite-iso-9001-768x1086.jpg 768w, https:\/\/dnl.com.tr\/en\/wp-content\/uploads\/2025\/09\/dnl-kalite-iso-9001-1086x1536.jpg 1086w, https:\/\/dnl.com.tr\/en\/wp-content\/uploads\/2025\/09\/dnl-kalite-iso-9001.jpg 1300w\" sizes=\"auto, (max-width: 353px) 100vw, 353px\" \/> <img loading=\"lazy\" decoding=\"async\" class=\"alignnone wp-image-1525\" src=\"https:\/\/dnl.com.tr\/en\/wp-content\/uploads\/2025\/09\/iso-3834-2-dnl-kalite-725x1024.jpg\" alt=\"dnl kalite belgeleri\" width=\"360\" height=\"509\" srcset=\"https:\/\/dnl.com.tr\/en\/wp-content\/uploads\/2025\/09\/iso-3834-2-dnl-kalite-725x1024.jpg 725w, https:\/\/dnl.com.tr\/en\/wp-content\/uploads\/2025\/09\/iso-3834-2-dnl-kalite-212x300.jpg 212w, https:\/\/dnl.com.tr\/en\/wp-content\/uploads\/2025\/09\/iso-3834-2-dnl-kalite-768x1085.jpg 768w, https:\/\/dnl.com.tr\/en\/wp-content\/uploads\/2025\/09\/iso-3834-2-dnl-kalite-1087x1536.jpg 1087w, https:\/\/dnl.com.tr\/en\/wp-content\/uploads\/2025\/09\/iso-3834-2-dnl-kalite.jpg 1300w\" sizes=\"auto, (max-width: 360px) 100vw, 360px\" \/><\/p>\n","protected":false},"excerpt":{"rendered":"<p>DNL M\u00fchendislik has been a symbol of reliability and quality in the iron and steel industry since 1998. With nearly 30 years of experience, we operate in a total production &#8230;<\/p>\n","protected":false},"author":1,"featured_media":0,"parent":0,"menu_order":0,"comment_status":"closed","ping_status":"closed","template":"","meta":{"ngg_post_thumbnail":0,"footnotes":""},"class_list":["post-1567","page","type-page","status-publish","hentry"],"yoast_head":"<!-- This site is optimized with the Yoast SEO plugin v25.8 - https:\/\/yoast.com\/wordpress\/plugins\/seo\/ -->\n<title>Institutional | DNL M\u00fchendislik Dilovas\u0131\/Kocaeli<\/title>\n<meta name=\"robots\" content=\"index, follow, max-snippet:-1, max-image-preview:large, max-video-preview:-1\" \/>\n<link rel=\"canonical\" href=\"https:\/\/dnl.com.tr\/en\/institutional\/\" \/>\n<meta property=\"og:locale\" content=\"tr_TR\" \/>\n<meta property=\"og:type\" content=\"article\" \/>\n<meta property=\"og:title\" content=\"Institutional | DNL M\u00fchendislik Dilovas\u0131\/Kocaeli\" \/>\n<meta property=\"og:description\" content=\"DNL M\u00fchendislik has been a symbol of reliability and quality in the iron and steel industry since 1998. With nearly 30 years of experience, we operate in a total production ...\" \/>\n<meta property=\"og:url\" content=\"https:\/\/dnl.com.tr\/en\/institutional\/\" \/>\n<meta property=\"og:site_name\" content=\"DNL M\u00fchendislik Dilovas\u0131\/Kocaeli\" \/>\n<meta property=\"article:modified_time\" content=\"2025-09-12T09:35:52+00:00\" \/>\n<meta property=\"og:image\" content=\"https:\/\/dnl.com.tr\/en\/wp-content\/uploads\/2025\/09\/dnl-marka-tescil.jpg\" \/>\n\t<meta property=\"og:image:width\" content=\"1300\" \/>\n\t<meta property=\"og:image:height\" content=\"1838\" \/>\n\t<meta property=\"og:image:type\" content=\"image\/jpeg\" \/>\n<meta name=\"twitter:card\" content=\"summary_large_image\" \/>\n<meta name=\"twitter:label1\" content=\"Tahmini okuma s\u00fcresi\" \/>\n\t<meta name=\"twitter:data1\" content=\"2 dakika\" \/>\n<script type=\"application\/ld+json\" class=\"yoast-schema-graph\">{\"@context\":\"https:\/\/schema.org\",\"@graph\":[{\"@type\":\"WebPage\",\"@id\":\"https:\/\/dnl.com.tr\/en\/institutional\/\",\"url\":\"https:\/\/dnl.com.tr\/en\/institutional\/\",\"name\":\"Institutional | DNL M\u00fchendislik Dilovas\u0131\/Kocaeli\",\"isPartOf\":{\"@id\":\"https:\/\/dnl.com.tr\/en\/#website\"},\"primaryImageOfPage\":{\"@id\":\"https:\/\/dnl.com.tr\/en\/institutional\/#primaryimage\"},\"image\":{\"@id\":\"https:\/\/dnl.com.tr\/en\/institutional\/#primaryimage\"},\"thumbnailUrl\":\"https:\/\/dnl.com.tr\/en\/wp-content\/uploads\/2025\/09\/dnl-marka-tescil-724x1024.jpg\",\"datePublished\":\"2025-09-05T23:12:27+00:00\",\"dateModified\":\"2025-09-12T09:35:52+00:00\",\"breadcrumb\":{\"@id\":\"https:\/\/dnl.com.tr\/en\/institutional\/#breadcrumb\"},\"inLanguage\":\"tr\",\"potentialAction\":[{\"@type\":\"ReadAction\",\"target\":[\"https:\/\/dnl.com.tr\/en\/institutional\/\"]}]},{\"@type\":\"ImageObject\",\"inLanguage\":\"tr\",\"@id\":\"https:\/\/dnl.com.tr\/en\/institutional\/#primaryimage\",\"url\":\"https:\/\/dnl.com.tr\/en\/wp-content\/uploads\/2025\/09\/dnl-marka-tescil.jpg\",\"contentUrl\":\"https:\/\/dnl.com.tr\/en\/wp-content\/uploads\/2025\/09\/dnl-marka-tescil.jpg\",\"width\":1300,\"height\":1838},{\"@type\":\"BreadcrumbList\",\"@id\":\"https:\/\/dnl.com.tr\/en\/institutional\/#breadcrumb\",\"itemListElement\":[{\"@type\":\"ListItem\",\"position\":1,\"name\":\"Anasayfa\",\"item\":\"https:\/\/dnl.com.tr\/en\/\"},{\"@type\":\"ListItem\",\"position\":2,\"name\":\"Institutional\"}]},{\"@type\":\"WebSite\",\"@id\":\"https:\/\/dnl.com.tr\/en\/#website\",\"url\":\"https:\/\/dnl.com.tr\/en\/\",\"name\":\"DNL M\u00fchendislik Dilovas\u0131\/Kocaeli\",\"description\":\"\",\"publisher\":{\"@id\":\"https:\/\/dnl.com.tr\/en\/#organization\"},\"potentialAction\":[{\"@type\":\"SearchAction\",\"target\":{\"@type\":\"EntryPoint\",\"urlTemplate\":\"https:\/\/dnl.com.tr\/en\/?s={search_term_string}\"},\"query-input\":{\"@type\":\"PropertyValueSpecification\",\"valueRequired\":true,\"valueName\":\"search_term_string\"}}],\"inLanguage\":\"tr\"},{\"@type\":\"Organization\",\"@id\":\"https:\/\/dnl.com.tr\/en\/#organization\",\"name\":\"DNL M\u00dcHEND\u0130SL\u0130K MAK\u0130NA SANAY\u0130 VE T\u0130CARET L\u0130M\u0130TED \u015e\u0130RKET\u0130\",\"url\":\"https:\/\/dnl.com.tr\/en\/\",\"logo\":{\"@type\":\"ImageObject\",\"inLanguage\":\"tr\",\"@id\":\"https:\/\/dnl.com.tr\/en\/#\/schema\/logo\/image\/\",\"url\":\"https:\/\/dnl.com.tr\/en\/wp-content\/uploads\/2025\/09\/dnl-muhendislik-logo-1.png\",\"contentUrl\":\"https:\/\/dnl.com.tr\/en\/wp-content\/uploads\/2025\/09\/dnl-muhendislik-logo-1.png\",\"width\":300,\"height\":63,\"caption\":\"DNL M\u00dcHEND\u0130SL\u0130K MAK\u0130NA SANAY\u0130 VE T\u0130CARET L\u0130M\u0130TED \u015e\u0130RKET\u0130\"},\"image\":{\"@id\":\"https:\/\/dnl.com.tr\/en\/#\/schema\/logo\/image\/\"}}]}<\/script>\n<!-- \/ Yoast SEO plugin. -->","yoast_head_json":{"title":"Institutional | DNL M\u00fchendislik Dilovas\u0131\/Kocaeli","robots":{"index":"index","follow":"follow","max-snippet":"max-snippet:-1","max-image-preview":"max-image-preview:large","max-video-preview":"max-video-preview:-1"},"canonical":"https:\/\/dnl.com.tr\/en\/institutional\/","og_locale":"tr_TR","og_type":"article","og_title":"Institutional | DNL M\u00fchendislik Dilovas\u0131\/Kocaeli","og_description":"DNL M\u00fchendislik has been a symbol of reliability and quality in the iron and steel industry since 1998. With nearly 30 years of experience, we operate in a total production ...","og_url":"https:\/\/dnl.com.tr\/en\/institutional\/","og_site_name":"DNL M\u00fchendislik Dilovas\u0131\/Kocaeli","article_modified_time":"2025-09-12T09:35:52+00:00","og_image":[{"width":1300,"height":1838,"url":"https:\/\/dnl.com.tr\/en\/wp-content\/uploads\/2025\/09\/dnl-marka-tescil.jpg","type":"image\/jpeg"}],"twitter_card":"summary_large_image","twitter_misc":{"Tahmini okuma s\u00fcresi":"2 dakika"},"schema":{"@context":"https:\/\/schema.org","@graph":[{"@type":"WebPage","@id":"https:\/\/dnl.com.tr\/en\/institutional\/","url":"https:\/\/dnl.com.tr\/en\/institutional\/","name":"Institutional | DNL M\u00fchendislik Dilovas\u0131\/Kocaeli","isPartOf":{"@id":"https:\/\/dnl.com.tr\/en\/#website"},"primaryImageOfPage":{"@id":"https:\/\/dnl.com.tr\/en\/institutional\/#primaryimage"},"image":{"@id":"https:\/\/dnl.com.tr\/en\/institutional\/#primaryimage"},"thumbnailUrl":"https:\/\/dnl.com.tr\/en\/wp-content\/uploads\/2025\/09\/dnl-marka-tescil-724x1024.jpg","datePublished":"2025-09-05T23:12:27+00:00","dateModified":"2025-09-12T09:35:52+00:00","breadcrumb":{"@id":"https:\/\/dnl.com.tr\/en\/institutional\/#breadcrumb"},"inLanguage":"tr","potentialAction":[{"@type":"ReadAction","target":["https:\/\/dnl.com.tr\/en\/institutional\/"]}]},{"@type":"ImageObject","inLanguage":"tr","@id":"https:\/\/dnl.com.tr\/en\/institutional\/#primaryimage","url":"https:\/\/dnl.com.tr\/en\/wp-content\/uploads\/2025\/09\/dnl-marka-tescil.jpg","contentUrl":"https:\/\/dnl.com.tr\/en\/wp-content\/uploads\/2025\/09\/dnl-marka-tescil.jpg","width":1300,"height":1838},{"@type":"BreadcrumbList","@id":"https:\/\/dnl.com.tr\/en\/institutional\/#breadcrumb","itemListElement":[{"@type":"ListItem","position":1,"name":"Anasayfa","item":"https:\/\/dnl.com.tr\/en\/"},{"@type":"ListItem","position":2,"name":"Institutional"}]},{"@type":"WebSite","@id":"https:\/\/dnl.com.tr\/en\/#website","url":"https:\/\/dnl.com.tr\/en\/","name":"DNL M\u00fchendislik Dilovas\u0131\/Kocaeli","description":"","publisher":{"@id":"https:\/\/dnl.com.tr\/en\/#organization"},"potentialAction":[{"@type":"SearchAction","target":{"@type":"EntryPoint","urlTemplate":"https:\/\/dnl.com.tr\/en\/?s={search_term_string}"},"query-input":{"@type":"PropertyValueSpecification","valueRequired":true,"valueName":"search_term_string"}}],"inLanguage":"tr"},{"@type":"Organization","@id":"https:\/\/dnl.com.tr\/en\/#organization","name":"DNL M\u00dcHEND\u0130SL\u0130K MAK\u0130NA SANAY\u0130 VE T\u0130CARET L\u0130M\u0130TED \u015e\u0130RKET\u0130","url":"https:\/\/dnl.com.tr\/en\/","logo":{"@type":"ImageObject","inLanguage":"tr","@id":"https:\/\/dnl.com.tr\/en\/#\/schema\/logo\/image\/","url":"https:\/\/dnl.com.tr\/en\/wp-content\/uploads\/2025\/09\/dnl-muhendislik-logo-1.png","contentUrl":"https:\/\/dnl.com.tr\/en\/wp-content\/uploads\/2025\/09\/dnl-muhendislik-logo-1.png","width":300,"height":63,"caption":"DNL M\u00dcHEND\u0130SL\u0130K MAK\u0130NA SANAY\u0130 VE T\u0130CARET L\u0130M\u0130TED \u015e\u0130RKET\u0130"},"image":{"@id":"https:\/\/dnl.com.tr\/en\/#\/schema\/logo\/image\/"}}]}},"_links":{"self":[{"href":"https:\/\/dnl.com.tr\/en\/wp-json\/wp\/v2\/pages\/1567","targetHints":{"allow":["GET"]}}],"collection":[{"href":"https:\/\/dnl.com.tr\/en\/wp-json\/wp\/v2\/pages"}],"about":[{"href":"https:\/\/dnl.com.tr\/en\/wp-json\/wp\/v2\/types\/page"}],"author":[{"embeddable":true,"href":"https:\/\/dnl.com.tr\/en\/wp-json\/wp\/v2\/users\/1"}],"replies":[{"embeddable":true,"href":"https:\/\/dnl.com.tr\/en\/wp-json\/wp\/v2\/comments?post=1567"}],"version-history":[{"count":6,"href":"https:\/\/dnl.com.tr\/en\/wp-json\/wp\/v2\/pages\/1567\/revisions"}],"predecessor-version":[{"id":1836,"href":"https:\/\/dnl.com.tr\/en\/wp-json\/wp\/v2\/pages\/1567\/revisions\/1836"}],"wp:attachment":[{"href":"https:\/\/dnl.com.tr\/en\/wp-json\/wp\/v2\/media?parent=1567"}],"curies":[{"name":"wp","href":"https:\/\/api.w.org\/{rel}","templated":true}]}}