{"id":1558,"date":"2025-09-05T23:01:16","date_gmt":"2025-09-05T23:01:16","guid":{"rendered":"https:\/\/dnl.com.tr\/en\/?page_id=1558"},"modified":"2025-09-07T08:11:39","modified_gmt":"2025-09-07T08:11:39","slug":"contact","status":"publish","type":"page","link":"https:\/\/dnl.com.tr\/en\/contact\/","title":{"rendered":"Contact"},"content":{"rendered":"<p style=\"text-align: center;\"><iframe loading=\"lazy\" style=\"border: 0;\" src=\"https:\/\/www.google.com\/maps\/embed?pb=!1m18!1m12!1m3!1d533.9188205889557!2d29.516928708348775!3d40.799380064024206!2m3!1f0!2f0!3f0!3m2!1i1024!2i768!4f13.1!3m3!1m2!1s0x14cb23eda6567cf5%3A0x7beffd8380d7d32e!2zRE5MIE3DnEhFTkTEsFNMxLBLIE1BS8SwTkEgU0FOQVnEsCBWRSBUxLBDQVJFVCBMxLBNxLBURUQgxZ7EsFJLRVTEsA!5e0!3m2!1str!2str!4v1757093655155!5m2!1str!2str\" width=\"2000\" height=\"350\" allowfullscreen=\"allowfullscreen\"><\/iframe><\/p>\n<h3 style=\"text-align: center;\">Adres<\/h3>\n<h4 style=\"text-align: center;\">Cumhuriyet Mahallesi, D.O.S.B 2. k\u0131s\u0131m, Dilovas\u0131 OSB, K\u0131z\u0131l\u0131rmak Caddesi no: 66, 41455 Dilovas\u0131\/Kocaeli<\/h4>\n<h4 style=\"text-align: center;\">Telefon: (0262) 643 61 87<\/h4>\n<h4 style=\"text-align: center;\">mail: <span style=\"color: #00ccff;\">info@dnl.com.tr<\/span><\/h4>\n<p>&nbsp;<\/p>\n<p style=\"text-align: center;\"><style id=\"wpforms-css-vars-1457\">\n\t\t\t\t#wpforms-1457 {\n\t\t\t\t--wpforms-container-padding: 0px;\n--wpforms-container-border-width: 1px;\n--wpforms-container-border-radius: 3px;\n--wpforms-background-color: rgba(0, 0, 0, 0);\n--wpforms-field-size-input-height: 43px;\n--wpforms-field-size-input-spacing: 15px;\n--wpforms-field-size-font-size: 16px;\n--wpforms-field-size-line-height: 19px;\n--wpforms-field-size-padding-h: 14px;\n--wpforms-field-size-checkbox-size: 16px;\n--wpforms-field-size-sublabel-spacing: 5px;\n--wpforms-field-size-icon-size: 1;\n--wpforms-label-size-font-size: 16px;\n--wpforms-label-size-line-height: 19px;\n--wpforms-label-size-sublabel-font-size: 14px;\n--wpforms-label-size-sublabel-line-height: 17px;\n--wpforms-button-size-font-size: 17px;\n--wpforms-button-size-height: 41px;\n--wpforms-button-size-padding-h: 15px;\n--wpforms-button-size-margin-top: 10px;\n--wpforms-container-shadow-size-box-shadow: none;\n\n\t\t\t}\n\t\t\t<\/style><div class=\"wpforms-container wpforms-container-full wpforms-render-modern\" id=\"wpforms-1457\"><form id=\"wpforms-form-1457\" class=\"wpforms-validate wpforms-form wpforms-ajax-form\" data-formid=\"1457\" method=\"post\" enctype=\"multipart\/form-data\" action=\"\/en\/wp-json\/wp\/v2\/pages\/1558\" data-token=\"cbfa9bc43a280efebc182ac087ecb48e\" data-token-time=\"1776582797\"><noscript class=\"wpforms-error-noscript\">Bu formu bitirebilmek i\u00e7in taray\u0131c\u0131n\u0131zda JavaScript&#039;i etkinle\u015ftirin.<\/noscript><div id=\"wpforms-error-noscript\" style=\"display: none;\">Bu formu bitirebilmek i\u00e7in taray\u0131c\u0131n\u0131zda JavaScript&#039;i etkinle\u015ftirin.<\/div><div class=\"wpforms-field-container\"><div id=\"wpforms-1457-field_1-container\" class=\"wpforms-field wpforms-field-name\" data-field-id=\"1\"><fieldset><legend class=\"wpforms-field-label\">Ad\u0131 Soyad\u0131 <span class=\"wpforms-required-label\" aria-hidden=\"true\">*<\/span><\/legend><div class=\"wpforms-field-row wpforms-field-medium\"><div class=\"wpforms-field-row-block wpforms-first wpforms-one-half\"><input type=\"text\" id=\"wpforms-1457-field_1\" class=\"wpforms-field-name-first wpforms-field-required\" name=\"wpforms[fields][1][first]\" aria-errormessage=\"wpforms-1457-field_1-error\" required><label for=\"wpforms-1457-field_1\" class=\"wpforms-field-sublabel after\">Ad<\/label><\/div><div class=\"wpforms-field-row-block wpforms-one-half\"><input type=\"text\" id=\"wpforms-1457-field_1-last\" class=\"wpforms-field-name-last wpforms-field-required\" name=\"wpforms[fields][1][last]\" aria-errormessage=\"wpforms-1457-field_1-last-error\" required><label for=\"wpforms-1457-field_1-last\" class=\"wpforms-field-sublabel after\">Soyad<\/label><\/div><\/div><\/fieldset><\/div><div id=\"wpforms-1457-field_2-container\" class=\"wpforms-field wpforms-field-email\" data-field-id=\"2\"><label class=\"wpforms-field-label\" for=\"wpforms-1457-field_2\">E-posta <span class=\"wpforms-required-label\" aria-hidden=\"true\">*<\/span><\/label><input type=\"email\" id=\"wpforms-1457-field_2\" class=\"wpforms-field-medium wpforms-field-required\" name=\"wpforms[fields][2]\" spellcheck=\"false\" aria-errormessage=\"wpforms-1457-field_2-error\" required><\/div>\t\t<div id=\"wpforms-1457-field_4-container\"\n\t\t\tclass=\"wpforms-field wpforms-field-text\"\n\t\t\tdata-field-type=\"text\"\n\t\t\tdata-field-id=\"4\"\n\t\t\t>\n\t\t\t<label class=\"wpforms-field-label\" for=\"wpforms-1457-field_4\" >Yorum Ad\u0131 Soyad\u0131<\/label>\n\t\t\t<input type=\"text\" id=\"wpforms-1457-field_4\" class=\"wpforms-field-medium\" name=\"wpforms[fields][4]\" >\n\t\t<\/div>\n\t\t<div id=\"wpforms-1457-field_3-container\" class=\"wpforms-field wpforms-field-textarea\" data-field-id=\"3\"><label class=\"wpforms-field-label\" for=\"wpforms-1457-field_3\">Yorum veya Mesaj<\/label><textarea id=\"wpforms-1457-field_3\" class=\"wpforms-field-medium\" name=\"wpforms[fields][3]\" aria-errormessage=\"wpforms-1457-field_3-error\" ><\/textarea><\/div><script>\n\t\t\t\t( function() {\n\t\t\t\t\tconst style = document.createElement( 'style' );\n\t\t\t\t\tstyle.appendChild( document.createTextNode( '#wpforms-1457-field_4-container { position: absolute !important; overflow: hidden !important; display: inline !important; height: 1px !important; width: 1px !important; z-index: -1000 !important; padding: 0 !important; } #wpforms-1457-field_4-container input { visibility: hidden; } #wpforms-conversational-form-page #wpforms-1457-field_4-container label { counter-increment: none; }' ) );\n\t\t\t\t\tdocument.head.appendChild( style );\n\t\t\t\t\tdocument.currentScript?.remove();\n\t\t\t\t} )();\n\t\t\t<\/script><\/div><!-- .wpforms-field-container --><div class=\"wpforms-recaptcha-container wpforms-is-recaptcha wpforms-is-recaptcha-type-v3\" ><input type=\"hidden\" name=\"wpforms[recaptcha]\" value=\"\"><\/div><div class=\"wpforms-submit-container\" ><input type=\"hidden\" name=\"wpforms[id]\" value=\"1457\"><input type=\"hidden\" name=\"page_title\" value=\"\"><input type=\"hidden\" name=\"page_url\" value=\"https:\/\/dnl.com.tr\/en\/wp-json\/wp\/v2\/pages\/1558\"><input type=\"hidden\" name=\"url_referer\" value=\"\"><button type=\"submit\" name=\"wpforms[submit]\" id=\"wpforms-submit-1457\" class=\"wpforms-submit\" data-alt-text=\"G\u00f6nderiliyor...\" data-submit-text=\"G\u00f6nder\" aria-live=\"assertive\" value=\"wpforms-submit\">G\u00f6nder<\/button><img loading=\"lazy\" decoding=\"async\" src=\"https:\/\/dnl.com.tr\/en\/wp-content\/plugins\/wpforms-lite\/assets\/images\/submit-spin.svg\" class=\"wpforms-submit-spinner\" style=\"display: none;\" width=\"26\" height=\"26\" alt=\"Y\u00fckleniyor\"><\/div><\/form><\/div>  <!-- .wpforms-container --><\/p>\n<h4>&nbsp;<\/h4>\n<p style=\"text-align: center;\">&nbsp;<\/p>\n","protected":false},"excerpt":{"rendered":"<p>Adres Cumhuriyet Mahallesi, D.O.S.B 2. k\u0131s\u0131m, Dilovas\u0131 OSB, K\u0131z\u0131l\u0131rmak Caddesi no: 66, 41455 Dilovas\u0131\/Kocaeli Telefon: (0262) 643 61 87 mail: info@dnl.com.tr &nbsp; &nbsp; &nbsp;<\/p>\n","protected":false},"author":1,"featured_media":0,"parent":0,"menu_order":0,"comment_status":"closed","ping_status":"closed","template":"template-fullwidth-stretched.php","meta":{"ngg_post_thumbnail":0,"footnotes":""},"class_list":["post-1558","page","type-page","status-publish","hentry"],"yoast_head":"<!-- This site is optimized with the Yoast SEO plugin v25.8 - https:\/\/yoast.com\/wordpress\/plugins\/seo\/ -->\n<title>Contact | DNL M\u00fchendislik Dilovas\u0131\/Kocaeli<\/title>\n<meta name=\"robots\" content=\"index, follow, max-snippet:-1, max-image-preview:large, max-video-preview:-1\" \/>\n<link rel=\"canonical\" href=\"https:\/\/dnl.com.tr\/en\/contact\/\" \/>\n<meta property=\"og:locale\" content=\"tr_TR\" \/>\n<meta property=\"og:type\" content=\"article\" \/>\n<meta property=\"og:title\" content=\"Contact | DNL M\u00fchendislik Dilovas\u0131\/Kocaeli\" \/>\n<meta property=\"og:description\" content=\"Adres Cumhuriyet Mahallesi, D.O.S.B 2. k\u0131s\u0131m, Dilovas\u0131 OSB, K\u0131z\u0131l\u0131rmak Caddesi no: 66, 41455 Dilovas\u0131\/Kocaeli Telefon: (0262) 643 61 87 mail: info@dnl.com.tr &nbsp; &nbsp; &nbsp;\" \/>\n<meta property=\"og:url\" content=\"https:\/\/dnl.com.tr\/en\/contact\/\" \/>\n<meta property=\"og:site_name\" content=\"DNL M\u00fchendislik Dilovas\u0131\/Kocaeli\" \/>\n<meta property=\"article:modified_time\" content=\"2025-09-07T08:11:39+00:00\" \/>\n<meta property=\"og:image\" content=\"https:\/\/dnl.com.tr\/en\/wp-content\/uploads\/2025\/09\/dnl-muhendislik-logo-1.png\" \/>\n\t<meta property=\"og:image:width\" content=\"300\" \/>\n\t<meta property=\"og:image:height\" content=\"63\" \/>\n\t<meta property=\"og:image:type\" content=\"image\/png\" \/>\n<meta name=\"twitter:card\" content=\"summary_large_image\" \/>\n<meta name=\"twitter:label1\" content=\"Tahmini okuma s\u00fcresi\" \/>\n\t<meta name=\"twitter:data1\" content=\"1 dakika\" \/>\n<script type=\"application\/ld+json\" class=\"yoast-schema-graph\">{\"@context\":\"https:\/\/schema.org\",\"@graph\":[{\"@type\":\"WebPage\",\"@id\":\"https:\/\/dnl.com.tr\/en\/contact\/\",\"url\":\"https:\/\/dnl.com.tr\/en\/contact\/\",\"name\":\"Contact | DNL M\u00fchendislik Dilovas\u0131\/Kocaeli\",\"isPartOf\":{\"@id\":\"https:\/\/dnl.com.tr\/en\/#website\"},\"datePublished\":\"2025-09-05T23:01:16+00:00\",\"dateModified\":\"2025-09-07T08:11:39+00:00\",\"breadcrumb\":{\"@id\":\"https:\/\/dnl.com.tr\/en\/contact\/#breadcrumb\"},\"inLanguage\":\"tr\",\"potentialAction\":[{\"@type\":\"ReadAction\",\"target\":[\"https:\/\/dnl.com.tr\/en\/contact\/\"]}]},{\"@type\":\"BreadcrumbList\",\"@id\":\"https:\/\/dnl.com.tr\/en\/contact\/#breadcrumb\",\"itemListElement\":[{\"@type\":\"ListItem\",\"position\":1,\"name\":\"Anasayfa\",\"item\":\"https:\/\/dnl.com.tr\/en\/\"},{\"@type\":\"ListItem\",\"position\":2,\"name\":\"Contact\"}]},{\"@type\":\"WebSite\",\"@id\":\"https:\/\/dnl.com.tr\/en\/#website\",\"url\":\"https:\/\/dnl.com.tr\/en\/\",\"name\":\"DNL M\u00fchendislik Dilovas\u0131\/Kocaeli\",\"description\":\"\",\"publisher\":{\"@id\":\"https:\/\/dnl.com.tr\/en\/#organization\"},\"potentialAction\":[{\"@type\":\"SearchAction\",\"target\":{\"@type\":\"EntryPoint\",\"urlTemplate\":\"https:\/\/dnl.com.tr\/en\/?s={search_term_string}\"},\"query-input\":{\"@type\":\"PropertyValueSpecification\",\"valueRequired\":true,\"valueName\":\"search_term_string\"}}],\"inLanguage\":\"tr\"},{\"@type\":\"Organization\",\"@id\":\"https:\/\/dnl.com.tr\/en\/#organization\",\"name\":\"DNL M\u00dcHEND\u0130SL\u0130K MAK\u0130NA SANAY\u0130 VE T\u0130CARET L\u0130M\u0130TED \u015e\u0130RKET\u0130\",\"url\":\"https:\/\/dnl.com.tr\/en\/\",\"logo\":{\"@type\":\"ImageObject\",\"inLanguage\":\"tr\",\"@id\":\"https:\/\/dnl.com.tr\/en\/#\/schema\/logo\/image\/\",\"url\":\"https:\/\/dnl.com.tr\/en\/wp-content\/uploads\/2025\/09\/dnl-muhendislik-logo-1.png\",\"contentUrl\":\"https:\/\/dnl.com.tr\/en\/wp-content\/uploads\/2025\/09\/dnl-muhendislik-logo-1.png\",\"width\":300,\"height\":63,\"caption\":\"DNL M\u00dcHEND\u0130SL\u0130K MAK\u0130NA SANAY\u0130 VE T\u0130CARET L\u0130M\u0130TED \u015e\u0130RKET\u0130\"},\"image\":{\"@id\":\"https:\/\/dnl.com.tr\/en\/#\/schema\/logo\/image\/\"}}]}<\/script>\n<!-- \/ Yoast SEO plugin. -->","yoast_head_json":{"title":"Contact | DNL M\u00fchendislik Dilovas\u0131\/Kocaeli","robots":{"index":"index","follow":"follow","max-snippet":"max-snippet:-1","max-image-preview":"max-image-preview:large","max-video-preview":"max-video-preview:-1"},"canonical":"https:\/\/dnl.com.tr\/en\/contact\/","og_locale":"tr_TR","og_type":"article","og_title":"Contact | DNL M\u00fchendislik Dilovas\u0131\/Kocaeli","og_description":"Adres Cumhuriyet Mahallesi, D.O.S.B 2. k\u0131s\u0131m, Dilovas\u0131 OSB, K\u0131z\u0131l\u0131rmak Caddesi no: 66, 41455 Dilovas\u0131\/Kocaeli Telefon: (0262) 643 61 87 mail: info@dnl.com.tr &nbsp; &nbsp; &nbsp;","og_url":"https:\/\/dnl.com.tr\/en\/contact\/","og_site_name":"DNL M\u00fchendislik Dilovas\u0131\/Kocaeli","article_modified_time":"2025-09-07T08:11:39+00:00","og_image":[{"width":300,"height":63,"url":"https:\/\/dnl.com.tr\/en\/wp-content\/uploads\/2025\/09\/dnl-muhendislik-logo-1.png","type":"image\/png"}],"twitter_card":"summary_large_image","twitter_misc":{"Tahmini okuma s\u00fcresi":"1 dakika"},"schema":{"@context":"https:\/\/schema.org","@graph":[{"@type":"WebPage","@id":"https:\/\/dnl.com.tr\/en\/contact\/","url":"https:\/\/dnl.com.tr\/en\/contact\/","name":"Contact | DNL M\u00fchendislik Dilovas\u0131\/Kocaeli","isPartOf":{"@id":"https:\/\/dnl.com.tr\/en\/#website"},"datePublished":"2025-09-05T23:01:16+00:00","dateModified":"2025-09-07T08:11:39+00:00","breadcrumb":{"@id":"https:\/\/dnl.com.tr\/en\/contact\/#breadcrumb"},"inLanguage":"tr","potentialAction":[{"@type":"ReadAction","target":["https:\/\/dnl.com.tr\/en\/contact\/"]}]},{"@type":"BreadcrumbList","@id":"https:\/\/dnl.com.tr\/en\/contact\/#breadcrumb","itemListElement":[{"@type":"ListItem","position":1,"name":"Anasayfa","item":"https:\/\/dnl.com.tr\/en\/"},{"@type":"ListItem","position":2,"name":"Contact"}]},{"@type":"WebSite","@id":"https:\/\/dnl.com.tr\/en\/#website","url":"https:\/\/dnl.com.tr\/en\/","name":"DNL M\u00fchendislik Dilovas\u0131\/Kocaeli","description":"","publisher":{"@id":"https:\/\/dnl.com.tr\/en\/#organization"},"potentialAction":[{"@type":"SearchAction","target":{"@type":"EntryPoint","urlTemplate":"https:\/\/dnl.com.tr\/en\/?s={search_term_string}"},"query-input":{"@type":"PropertyValueSpecification","valueRequired":true,"valueName":"search_term_string"}}],"inLanguage":"tr"},{"@type":"Organization","@id":"https:\/\/dnl.com.tr\/en\/#organization","name":"DNL M\u00dcHEND\u0130SL\u0130K MAK\u0130NA SANAY\u0130 VE T\u0130CARET L\u0130M\u0130TED \u015e\u0130RKET\u0130","url":"https:\/\/dnl.com.tr\/en\/","logo":{"@type":"ImageObject","inLanguage":"tr","@id":"https:\/\/dnl.com.tr\/en\/#\/schema\/logo\/image\/","url":"https:\/\/dnl.com.tr\/en\/wp-content\/uploads\/2025\/09\/dnl-muhendislik-logo-1.png","contentUrl":"https:\/\/dnl.com.tr\/en\/wp-content\/uploads\/2025\/09\/dnl-muhendislik-logo-1.png","width":300,"height":63,"caption":"DNL M\u00dcHEND\u0130SL\u0130K MAK\u0130NA SANAY\u0130 VE T\u0130CARET L\u0130M\u0130TED \u015e\u0130RKET\u0130"},"image":{"@id":"https:\/\/dnl.com.tr\/en\/#\/schema\/logo\/image\/"}}]}},"_links":{"self":[{"href":"https:\/\/dnl.com.tr\/en\/wp-json\/wp\/v2\/pages\/1558","targetHints":{"allow":["GET"]}}],"collection":[{"href":"https:\/\/dnl.com.tr\/en\/wp-json\/wp\/v2\/pages"}],"about":[{"href":"https:\/\/dnl.com.tr\/en\/wp-json\/wp\/v2\/types\/page"}],"author":[{"embeddable":true,"href":"https:\/\/dnl.com.tr\/en\/wp-json\/wp\/v2\/users\/1"}],"replies":[{"embeddable":true,"href":"https:\/\/dnl.com.tr\/en\/wp-json\/wp\/v2\/comments?post=1558"}],"version-history":[{"count":18,"href":"https:\/\/dnl.com.tr\/en\/wp-json\/wp\/v2\/pages\/1558\/revisions"}],"predecessor-version":[{"id":1799,"href":"https:\/\/dnl.com.tr\/en\/wp-json\/wp\/v2\/pages\/1558\/revisions\/1799"}],"wp:attachment":[{"href":"https:\/\/dnl.com.tr\/en\/wp-json\/wp\/v2\/media?parent=1558"}],"curies":[{"name":"wp","href":"https:\/\/api.w.org\/{rel}","templated":true}]}}