{"id":1245,"date":"2016-10-05T09:12:09","date_gmt":"2016-10-05T09:12:09","guid":{"rendered":"http:\/\/demos.famethemes.com\/onepress\/?page_id=1245"},"modified":"2026-01-29T10:23:04","modified_gmt":"2026-01-29T10:23:04","slug":"projects","status":"publish","type":"page","link":"https:\/\/dnl.com.tr\/en\/projects\/","title":{"rendered":"Projects"},"content":{"rendered":"<h2 style=\"text-align: center;\"><a href=\"https:\/\/dnl.com.tr\/en\/electric-arc-furnace-eaf-systems\/\">Electric Arc Furnace<\/a><\/h2>\nngg_shortcode_0_placeholder\n<h2 style=\"text-align: center;\"><span style=\"color: #ff0000;\"><span dir=\"auto\" style=\"vertical-align: inherit;\"><span dir=\"auto\" style=\"vertical-align: inherit;\">Contunious casting<\/span><\/span><\/span><\/h2>\nngg_shortcode_1_placeholder\n<h2 style=\"text-align: center;\"><span style=\"color: #ff0000;\"><span dir=\"auto\" style=\"vertical-align: inherit;\"><span dir=\"auto\" style=\"vertical-align: inherit;\">Filtering System<\/span><\/span><\/span><\/h2>\n<p>&nbsp;<\/p>\nngg_shortcode_2_placeholder\n","protected":false},"excerpt":{"rendered":"<p>Electric Arc Furnace &nbsp; Contunious casting &nbsp; Filtering System &nbsp; &nbsp;<\/p>\n","protected":false},"author":2,"featured_media":0,"parent":0,"menu_order":0,"comment_status":"closed","ping_status":"closed","template":"","meta":{"ngg_post_thumbnail":0,"footnotes":""},"class_list":["post-1245","page","type-page","status-publish","hentry"],"yoast_head":"<!-- This site is optimized with the Yoast SEO plugin v25.8 - https:\/\/yoast.com\/wordpress\/plugins\/seo\/ -->\n<title>Projects | DNL M\u00fchendislik Dilovas\u0131\/Kocaeli<\/title>\n<meta name=\"robots\" content=\"index, follow, max-snippet:-1, max-image-preview:large, max-video-preview:-1\" \/>\n<link rel=\"canonical\" href=\"https:\/\/dnl.com.tr\/en\/projects\/\" \/>\n<meta property=\"og:locale\" content=\"tr_TR\" \/>\n<meta property=\"og:type\" content=\"article\" \/>\n<meta property=\"og:title\" content=\"Projects | DNL M\u00fchendislik Dilovas\u0131\/Kocaeli\" \/>\n<meta property=\"og:description\" content=\"Electric Arc Furnace &nbsp; Contunious casting &nbsp; Filtering System &nbsp; &nbsp;\" \/>\n<meta property=\"og:url\" content=\"https:\/\/dnl.com.tr\/en\/projects\/\" \/>\n<meta property=\"og:site_name\" content=\"DNL M\u00fchendislik Dilovas\u0131\/Kocaeli\" \/>\n<meta property=\"article:modified_time\" content=\"2026-01-29T10:23:04+00:00\" \/>\n<meta property=\"og:image\" content=\"https:\/\/dnl.com.tr\/en\/wp-content\/uploads\/2025\/09\/dnl-muhendislik-logo-1.png\" \/>\n\t<meta property=\"og:image:width\" content=\"300\" \/>\n\t<meta property=\"og:image:height\" content=\"63\" \/>\n\t<meta property=\"og:image:type\" content=\"image\/png\" \/>\n<meta name=\"twitter:card\" content=\"summary_large_image\" \/>\n<meta name=\"twitter:label1\" content=\"Tahmini okuma s\u00fcresi\" \/>\n\t<meta name=\"twitter:data1\" content=\"1 dakika\" \/>\n<script type=\"application\/ld+json\" class=\"yoast-schema-graph\">{\"@context\":\"https:\/\/schema.org\",\"@graph\":[{\"@type\":\"WebPage\",\"@id\":\"https:\/\/dnl.com.tr\/en\/projects\/\",\"url\":\"https:\/\/dnl.com.tr\/en\/projects\/\",\"name\":\"Projects | DNL M\u00fchendislik Dilovas\u0131\/Kocaeli\",\"isPartOf\":{\"@id\":\"https:\/\/dnl.com.tr\/en\/#website\"},\"datePublished\":\"2016-10-05T09:12:09+00:00\",\"dateModified\":\"2026-01-29T10:23:04+00:00\",\"breadcrumb\":{\"@id\":\"https:\/\/dnl.com.tr\/en\/projects\/#breadcrumb\"},\"inLanguage\":\"tr\",\"potentialAction\":[{\"@type\":\"ReadAction\",\"target\":[\"https:\/\/dnl.com.tr\/en\/projects\/\"]}]},{\"@type\":\"BreadcrumbList\",\"@id\":\"https:\/\/dnl.com.tr\/en\/projects\/#breadcrumb\",\"itemListElement\":[{\"@type\":\"ListItem\",\"position\":1,\"name\":\"Anasayfa\",\"item\":\"https:\/\/dnl.com.tr\/en\/\"},{\"@type\":\"ListItem\",\"position\":2,\"name\":\"Projects\"}]},{\"@type\":\"WebSite\",\"@id\":\"https:\/\/dnl.com.tr\/en\/#website\",\"url\":\"https:\/\/dnl.com.tr\/en\/\",\"name\":\"DNL M\u00fchendislik Dilovas\u0131\/Kocaeli\",\"description\":\"\",\"publisher\":{\"@id\":\"https:\/\/dnl.com.tr\/en\/#organization\"},\"potentialAction\":[{\"@type\":\"SearchAction\",\"target\":{\"@type\":\"EntryPoint\",\"urlTemplate\":\"https:\/\/dnl.com.tr\/en\/?s={search_term_string}\"},\"query-input\":{\"@type\":\"PropertyValueSpecification\",\"valueRequired\":true,\"valueName\":\"search_term_string\"}}],\"inLanguage\":\"tr\"},{\"@type\":\"Organization\",\"@id\":\"https:\/\/dnl.com.tr\/en\/#organization\",\"name\":\"DNL M\u00dcHEND\u0130SL\u0130K MAK\u0130NA SANAY\u0130 VE T\u0130CARET L\u0130M\u0130TED \u015e\u0130RKET\u0130\",\"url\":\"https:\/\/dnl.com.tr\/en\/\",\"logo\":{\"@type\":\"ImageObject\",\"inLanguage\":\"tr\",\"@id\":\"https:\/\/dnl.com.tr\/en\/#\/schema\/logo\/image\/\",\"url\":\"https:\/\/dnl.com.tr\/en\/wp-content\/uploads\/2025\/09\/dnl-muhendislik-logo-1.png\",\"contentUrl\":\"https:\/\/dnl.com.tr\/en\/wp-content\/uploads\/2025\/09\/dnl-muhendislik-logo-1.png\",\"width\":300,\"height\":63,\"caption\":\"DNL M\u00dcHEND\u0130SL\u0130K MAK\u0130NA SANAY\u0130 VE T\u0130CARET L\u0130M\u0130TED \u015e\u0130RKET\u0130\"},\"image\":{\"@id\":\"https:\/\/dnl.com.tr\/en\/#\/schema\/logo\/image\/\"}}]}<\/script>\n<!-- \/ Yoast SEO plugin. -->","yoast_head_json":{"title":"Projects | DNL M\u00fchendislik Dilovas\u0131\/Kocaeli","robots":{"index":"index","follow":"follow","max-snippet":"max-snippet:-1","max-image-preview":"max-image-preview:large","max-video-preview":"max-video-preview:-1"},"canonical":"https:\/\/dnl.com.tr\/en\/projects\/","og_locale":"tr_TR","og_type":"article","og_title":"Projects | DNL M\u00fchendislik Dilovas\u0131\/Kocaeli","og_description":"Electric Arc Furnace &nbsp; Contunious casting &nbsp; Filtering System &nbsp; &nbsp;","og_url":"https:\/\/dnl.com.tr\/en\/projects\/","og_site_name":"DNL M\u00fchendislik Dilovas\u0131\/Kocaeli","article_modified_time":"2026-01-29T10:23:04+00:00","og_image":[{"width":300,"height":63,"url":"https:\/\/dnl.com.tr\/en\/wp-content\/uploads\/2025\/09\/dnl-muhendislik-logo-1.png","type":"image\/png"}],"twitter_card":"summary_large_image","twitter_misc":{"Tahmini okuma s\u00fcresi":"1 dakika"},"schema":{"@context":"https:\/\/schema.org","@graph":[{"@type":"WebPage","@id":"https:\/\/dnl.com.tr\/en\/projects\/","url":"https:\/\/dnl.com.tr\/en\/projects\/","name":"Projects | DNL M\u00fchendislik Dilovas\u0131\/Kocaeli","isPartOf":{"@id":"https:\/\/dnl.com.tr\/en\/#website"},"datePublished":"2016-10-05T09:12:09+00:00","dateModified":"2026-01-29T10:23:04+00:00","breadcrumb":{"@id":"https:\/\/dnl.com.tr\/en\/projects\/#breadcrumb"},"inLanguage":"tr","potentialAction":[{"@type":"ReadAction","target":["https:\/\/dnl.com.tr\/en\/projects\/"]}]},{"@type":"BreadcrumbList","@id":"https:\/\/dnl.com.tr\/en\/projects\/#breadcrumb","itemListElement":[{"@type":"ListItem","position":1,"name":"Anasayfa","item":"https:\/\/dnl.com.tr\/en\/"},{"@type":"ListItem","position":2,"name":"Projects"}]},{"@type":"WebSite","@id":"https:\/\/dnl.com.tr\/en\/#website","url":"https:\/\/dnl.com.tr\/en\/","name":"DNL M\u00fchendislik Dilovas\u0131\/Kocaeli","description":"","publisher":{"@id":"https:\/\/dnl.com.tr\/en\/#organization"},"potentialAction":[{"@type":"SearchAction","target":{"@type":"EntryPoint","urlTemplate":"https:\/\/dnl.com.tr\/en\/?s={search_term_string}"},"query-input":{"@type":"PropertyValueSpecification","valueRequired":true,"valueName":"search_term_string"}}],"inLanguage":"tr"},{"@type":"Organization","@id":"https:\/\/dnl.com.tr\/en\/#organization","name":"DNL M\u00dcHEND\u0130SL\u0130K MAK\u0130NA SANAY\u0130 VE T\u0130CARET L\u0130M\u0130TED \u015e\u0130RKET\u0130","url":"https:\/\/dnl.com.tr\/en\/","logo":{"@type":"ImageObject","inLanguage":"tr","@id":"https:\/\/dnl.com.tr\/en\/#\/schema\/logo\/image\/","url":"https:\/\/dnl.com.tr\/en\/wp-content\/uploads\/2025\/09\/dnl-muhendislik-logo-1.png","contentUrl":"https:\/\/dnl.com.tr\/en\/wp-content\/uploads\/2025\/09\/dnl-muhendislik-logo-1.png","width":300,"height":63,"caption":"DNL M\u00dcHEND\u0130SL\u0130K MAK\u0130NA SANAY\u0130 VE T\u0130CARET L\u0130M\u0130TED \u015e\u0130RKET\u0130"},"image":{"@id":"https:\/\/dnl.com.tr\/en\/#\/schema\/logo\/image\/"}}]}},"_links":{"self":[{"href":"https:\/\/dnl.com.tr\/en\/wp-json\/wp\/v2\/pages\/1245","targetHints":{"allow":["GET"]}}],"collection":[{"href":"https:\/\/dnl.com.tr\/en\/wp-json\/wp\/v2\/pages"}],"about":[{"href":"https:\/\/dnl.com.tr\/en\/wp-json\/wp\/v2\/types\/page"}],"author":[{"embeddable":true,"href":"https:\/\/dnl.com.tr\/en\/wp-json\/wp\/v2\/users\/2"}],"replies":[{"embeddable":true,"href":"https:\/\/dnl.com.tr\/en\/wp-json\/wp\/v2\/comments?post=1245"}],"version-history":[{"count":16,"href":"https:\/\/dnl.com.tr\/en\/wp-json\/wp\/v2\/pages\/1245\/revisions"}],"predecessor-version":[{"id":1864,"href":"https:\/\/dnl.com.tr\/en\/wp-json\/wp\/v2\/pages\/1245\/revisions\/1864"}],"wp:attachment":[{"href":"https:\/\/dnl.com.tr\/en\/wp-json\/wp\/v2\/media?parent=1245"}],"curies":[{"name":"wp","href":"https:\/\/api.w.org\/{rel}","templated":true}]}}